{"id":528,"date":"2021-03-08T15:17:23","date_gmt":"2021-03-08T21:17:23","guid":{"rendered":"https:\/\/berova.com.mx\/?page_id=528"},"modified":"2024-07-29T14:44:37","modified_gmt":"2024-07-29T19:44:37","slug":"garantias","status":"publish","type":"page","link":"https:\/\/berova.com.mx\/es_es\/garantias\/","title":{"rendered":"Garant\u00edas"},"content":{"rendered":"<h1 style=\"text-align: center;\">Garant\u00edas<\/h1>\n<p class=\"p1\" style=\"text-align: justify;\">La garant\u00eda de la mercanc\u00eda adquirida aplica solo contra defectos de f\u00e1brica.<\/p>\n<p class=\"p3\" style=\"text-align: justify;\"><b>Garant\u00edas en defectos de fabricaci\u00f3n<\/b><\/p>\n<p class=\"p1\" style=\"text-align: justify;\">1. Nuestros muebles cuentan con 1 mes de garant\u00eda contra defectos de f\u00e1brica, es necesario realizar un reporte directo a nuestro n\u00famero telef\u00f3nico.<span class=\"Apple-converted-space\">\u00a0<\/span><\/p>\n<p class=\"p1\" style=\"text-align: justify;\">2.- Productos de l\u00ednea blanca y electr\u00f3nica cuentan con\u00a01 a\u00f1o de garant\u00eda directo con la marca\u00a0contra defectos de f\u00e1brica (no aplicar\u00e1 si el producto es manipulado o reparado por terceras personas).<\/p>\n<p class=\"p1\" style=\"text-align: justify;\">La garant\u00eda no ser\u00e1 v\u00e1lida ni aplicar\u00e1 en los siguientes casos:<\/p>\n<p class=\"p4\" style=\"text-align: justify;\"><b>Muebles<\/b><\/p>\n<ul class=\"ul1\" style=\"text-align: justify;\">\n<li class=\"li5\"><span class=\"s2\">Presente golpes evidentes, maltrato o cualquier uso que no fuera apropiado.<\/span><\/li>\n<li class=\"li5\"><span class=\"s2\">Si el mueble presenta talladuras y\/o\u00a0quemaduras.<\/span><\/li>\n<li class=\"li5\"><span class=\"s2\">Por desastres naturales.<\/span><\/li>\n<li class=\"li5\"><span class=\"s2\">Desgastes naturales por el uso del mueble.<\/span><\/li>\n<li class=\"li5\"><span class=\"s2\">Por exposici\u00f3n directa a la lluvia, nieve, humedad, polvo, fuego o luz directa del sol.<\/span><\/li>\n<li class=\"li5\"><span class=\"s2\">Por exposici\u00f3n o tratamiento con productos qu\u00edmicos<\/span><\/li>\n<li class=\"li6\"><span class=\"s2\">Traslados, mudanzas o cualquier\u00a0movimiento del mueble fuera del domicilio al original, que fue enviado.<\/span><\/li>\n<\/ul>\n<p class=\"p1\" style=\"text-align: justify;\">3. La garant\u00eda en muebles solo aplicar\u00e1\u00a0para el comprador original y tendr\u00e1 que mostrar su factura e identificaci\u00f3n para hacer v\u00e1lida su garant\u00eda, en caso de no contar con su factura podr\u00e1 presentar su nota o pedido.<\/p>\n<p class=\"p1\" style=\"text-align: justify;\">4. La garant\u00eda en l\u00ednea blanca y electr\u00f3nica\u00a0solo aplicar\u00e1\u00a0para el comprador original y tendr\u00e1 que marcar directamente al 01800 de su\u00a0p\u00f3liza\u00a0de garant\u00eda.<\/p>\n<p class=\"p7\" style=\"text-align: justify;\">5. Una vez recibido el producto en nuestras instalaciones se determinar\u00e1\u00a0si se realizar\u00e1 reparaci\u00f3n o en caso de no ser posible la reparaci\u00f3n se reemplazar\u00e1\u00a0el mueble por uno nuevo.<\/p>\n<p class=\"p7\" style=\"text-align: justify;\">6. No aplica garant\u00eda por variaciones en tonos o colores en las im\u00e1genes mostradas en este sitio.<\/p>\n<p class=\"p7\" style=\"text-align: justify;\">7.-\u00a0Mercanc\u00eda de liquidaci\u00f3n o remate no aplica garant\u00eda.<\/p>\n<p class=\"p9\" style=\"text-align: justify;\"><b>Cancelaciones<\/b><\/p>\n<p class=\"p7\" style=\"text-align: justify;\">No se aceptan cancelaciones una vez realizada la transacci\u00f3n de pago.<\/p>\n<p class=\"p9\" style=\"text-align: justify;\"><b>Devoluciones<\/b><\/p>\n<p class=\"p7\" style=\"text-align: justify;\">No aceptamos devoluciones o cambios de producto ya realizada la compra.<\/p>","protected":false},"excerpt":{"rendered":"<p>Garant\u00edas La garant\u00eda de la mercanc\u00eda adquirida aplica solo contra defectos de f\u00e1brica. Garant\u00edas en defectos de fabricaci\u00f3n 1. Nuestros&hellip;<\/p>","protected":false},"author":1,"featured_media":0,"parent":0,"menu_order":0,"comment_status":"closed","ping_status":"closed","template":"","meta":{"footnotes":""},"class_list":["post-528","page","type-page","status-publish","hentry"],"yoast_head":"<!-- This site is optimized with the Yoast SEO plugin v27.0 - https:\/\/yoast.com\/product\/yoast-seo-wordpress\/ -->\n<title>Garant\u00edas - Berova<\/title>\n<meta name=\"robots\" content=\"index, follow, max-snippet:-1, max-image-preview:large, max-video-preview:-1\" \/>\n<link rel=\"canonical\" href=\"https:\/\/berova.com.mx\/es_es\/garantias\/\" \/>\n<meta property=\"og:locale\" content=\"es_ES\" \/>\n<meta property=\"og:type\" content=\"article\" \/>\n<meta property=\"og:title\" content=\"Garant\u00edas - Berova\" \/>\n<meta property=\"og:description\" content=\"Garant\u00edas La garant\u00eda de la mercanc\u00eda adquirida aplica solo contra defectos de f\u00e1brica. Garant\u00edas en defectos de fabricaci\u00f3n 1. Nuestros&hellip;\" \/>\n<meta property=\"og:url\" content=\"https:\/\/berova.com.mx\/es_es\/garantias\/\" \/>\n<meta property=\"og:site_name\" content=\"Berova\" \/>\n<meta property=\"article:publisher\" content=\"https:\/\/www.fb.me\/muebleria.berova\" \/>\n<meta property=\"article:modified_time\" content=\"2024-07-29T19:44:37+00:00\" \/>\n<meta name=\"twitter:card\" content=\"summary_large_image\" \/>\n<meta name=\"twitter:label1\" content=\"Tiempo de lectura\" \/>\n\t<meta name=\"twitter:data1\" content=\"2 minutos\" \/>\n<script type=\"application\/ld+json\" class=\"yoast-schema-graph\">{\"@context\":\"https:\/\/schema.org\",\"@graph\":[{\"@type\":\"WebPage\",\"@id\":\"https:\/\/berova.com.mx\/garantias\/\",\"url\":\"https:\/\/berova.com.mx\/garantias\/\",\"name\":\"Garant\u00edas - Berova\",\"isPartOf\":{\"@id\":\"https:\/\/berova.com.mx\/#website\"},\"datePublished\":\"2021-03-08T21:17:23+00:00\",\"dateModified\":\"2024-07-29T19:44:37+00:00\",\"breadcrumb\":{\"@id\":\"https:\/\/berova.com.mx\/garantias\/#breadcrumb\"},\"inLanguage\":\"es\",\"potentialAction\":[{\"@type\":\"ReadAction\",\"target\":[\"https:\/\/berova.com.mx\/garantias\/\"]}]},{\"@type\":\"BreadcrumbList\",\"@id\":\"https:\/\/berova.com.mx\/garantias\/#breadcrumb\",\"itemListElement\":[{\"@type\":\"ListItem\",\"position\":1,\"name\":\"P\u00e1gina Principal\",\"item\":\"https:\/\/berova.com.mx\/\"},{\"@type\":\"ListItem\",\"position\":2,\"name\":\"Garant\u00edas\"}]},{\"@type\":\"WebSite\",\"@id\":\"https:\/\/berova.com.mx\/#website\",\"url\":\"https:\/\/berova.com.mx\/\",\"name\":\"Berova\",\"description\":\"Cumple Tus Sue&ntilde;os\",\"publisher\":{\"@id\":\"https:\/\/berova.com.mx\/#organization\"},\"potentialAction\":[{\"@type\":\"SearchAction\",\"target\":{\"@type\":\"EntryPoint\",\"urlTemplate\":\"https:\/\/berova.com.mx\/?s={search_term_string}\"},\"query-input\":{\"@type\":\"PropertyValueSpecification\",\"valueRequired\":true,\"valueName\":\"search_term_string\"}}],\"inLanguage\":\"es\"},{\"@type\":\"Organization\",\"@id\":\"https:\/\/berova.com.mx\/#organization\",\"name\":\"Berova\",\"url\":\"https:\/\/berova.com.mx\/\",\"logo\":{\"@type\":\"ImageObject\",\"inLanguage\":\"es\",\"@id\":\"https:\/\/berova.com.mx\/#\/schema\/logo\/image\/\",\"url\":\"https:\/\/i0.wp.com\/berova.com.mx\/wp-content\/uploads\/2020\/11\/BerovaLogo.png?fit=2211%2C682&ssl=1\",\"contentUrl\":\"https:\/\/i0.wp.com\/berova.com.mx\/wp-content\/uploads\/2020\/11\/BerovaLogo.png?fit=2211%2C682&ssl=1\",\"width\":2211,\"height\":682,\"caption\":\"Berova\"},\"image\":{\"@id\":\"https:\/\/berova.com.mx\/#\/schema\/logo\/image\/\"},\"sameAs\":[\"https:\/\/www.fb.me\/muebleria.berova\",\"https:\/\/www.instagram.com\/berova.mx\/\"]}]}<\/script>\n<!-- \/ Yoast SEO plugin. -->","yoast_head_json":{"title":"Garant\u00edas - Berova","robots":{"index":"index","follow":"follow","max-snippet":"max-snippet:-1","max-image-preview":"max-image-preview:large","max-video-preview":"max-video-preview:-1"},"canonical":"https:\/\/berova.com.mx\/es_es\/garantias\/","og_locale":"es_ES","og_type":"article","og_title":"Garant\u00edas - Berova","og_description":"Garant\u00edas La garant\u00eda de la mercanc\u00eda adquirida aplica solo contra defectos de f\u00e1brica. Garant\u00edas en defectos de fabricaci\u00f3n 1. Nuestros&hellip;","og_url":"https:\/\/berova.com.mx\/es_es\/garantias\/","og_site_name":"Berova","article_publisher":"https:\/\/www.fb.me\/muebleria.berova","article_modified_time":"2024-07-29T19:44:37+00:00","twitter_card":"summary_large_image","twitter_misc":{"Tiempo de lectura":"2 minutos"},"schema":{"@context":"https:\/\/schema.org","@graph":[{"@type":"WebPage","@id":"https:\/\/berova.com.mx\/garantias\/","url":"https:\/\/berova.com.mx\/garantias\/","name":"Garant\u00edas - Berova","isPartOf":{"@id":"https:\/\/berova.com.mx\/#website"},"datePublished":"2021-03-08T21:17:23+00:00","dateModified":"2024-07-29T19:44:37+00:00","breadcrumb":{"@id":"https:\/\/berova.com.mx\/garantias\/#breadcrumb"},"inLanguage":"es","potentialAction":[{"@type":"ReadAction","target":["https:\/\/berova.com.mx\/garantias\/"]}]},{"@type":"BreadcrumbList","@id":"https:\/\/berova.com.mx\/garantias\/#breadcrumb","itemListElement":[{"@type":"ListItem","position":1,"name":"P\u00e1gina Principal","item":"https:\/\/berova.com.mx\/"},{"@type":"ListItem","position":2,"name":"Garant\u00edas"}]},{"@type":"WebSite","@id":"https:\/\/berova.com.mx\/#website","url":"https:\/\/berova.com.mx\/","name":"Berova","description":"Cumple Tus Sue&ntilde;os","publisher":{"@id":"https:\/\/berova.com.mx\/#organization"},"potentialAction":[{"@type":"SearchAction","target":{"@type":"EntryPoint","urlTemplate":"https:\/\/berova.com.mx\/?s={search_term_string}"},"query-input":{"@type":"PropertyValueSpecification","valueRequired":true,"valueName":"search_term_string"}}],"inLanguage":"es"},{"@type":"Organization","@id":"https:\/\/berova.com.mx\/#organization","name":"Berova","url":"https:\/\/berova.com.mx\/","logo":{"@type":"ImageObject","inLanguage":"es","@id":"https:\/\/berova.com.mx\/#\/schema\/logo\/image\/","url":"https:\/\/i0.wp.com\/berova.com.mx\/wp-content\/uploads\/2020\/11\/BerovaLogo.png?fit=2211%2C682&ssl=1","contentUrl":"https:\/\/i0.wp.com\/berova.com.mx\/wp-content\/uploads\/2020\/11\/BerovaLogo.png?fit=2211%2C682&ssl=1","width":2211,"height":682,"caption":"Berova"},"image":{"@id":"https:\/\/berova.com.mx\/#\/schema\/logo\/image\/"},"sameAs":["https:\/\/www.fb.me\/muebleria.berova","https:\/\/www.instagram.com\/berova.mx\/"]}]}},"_links":{"self":[{"href":"https:\/\/berova.com.mx\/es_es\/wp-json\/wp\/v2\/pages\/528","targetHints":{"allow":["GET"]}}],"collection":[{"href":"https:\/\/berova.com.mx\/es_es\/wp-json\/wp\/v2\/pages"}],"about":[{"href":"https:\/\/berova.com.mx\/es_es\/wp-json\/wp\/v2\/types\/page"}],"author":[{"embeddable":true,"href":"https:\/\/berova.com.mx\/es_es\/wp-json\/wp\/v2\/users\/1"}],"replies":[{"embeddable":true,"href":"https:\/\/berova.com.mx\/es_es\/wp-json\/wp\/v2\/comments?post=528"}],"version-history":[{"count":5,"href":"https:\/\/berova.com.mx\/es_es\/wp-json\/wp\/v2\/pages\/528\/revisions"}],"predecessor-version":[{"id":10762,"href":"https:\/\/berova.com.mx\/es_es\/wp-json\/wp\/v2\/pages\/528\/revisions\/10762"}],"wp:attachment":[{"href":"https:\/\/berova.com.mx\/es_es\/wp-json\/wp\/v2\/media?parent=528"}],"curies":[{"name":"wp","href":"https:\/\/api.w.org\/{rel}","templated":true}]}}