{"id":11102,"date":"2024-12-02T10:36:48","date_gmt":"2024-12-02T16:36:48","guid":{"rendered":"https:\/\/berova.com.mx\/?post_type=product&#038;p=11102"},"modified":"2026-04-01T13:18:00","modified_gmt":"2026-04-01T18:18:00","slug":"recamara-cielo-individual","status":"publish","type":"product","link":"https:\/\/berova.com.mx\/es_es\/producto\/recamara-cielo-individual\/","title":{"rendered":"Rec\u00e1mara Cielo Individual"},"content":{"rendered":"<p>La Rec\u00e1mara Cielo es un conjunto de muebles que combina elegancia y serenidad. Con acabados suaves y dise\u00f1o contempor\u00e1neo, transforma el dormitorio en un refugio tranquilo y sofisticado, ideal para un descanso reparador y un ambiente armonioso.<\/p>\n<p>&nbsp;<\/p>\n<p>Respaldo: Ancho:100cm Alto:140cm<\/p>\n<p>Base Terciopelo Rosa INDV: Ancho:100cm Fondo:190cm<\/p>\n<p>&nbsp;<\/p>","protected":false},"excerpt":{"rendered":"<p>La Rec\u00e1mara Cielo es un conjunto de muebles que combina elegancia y serenidad. Con acabados suaves y dise\u00f1o contempor\u00e1neo, transforma&hellip;<\/p>","protected":false},"featured_media":11388,"comment_status":"closed","ping_status":"closed","template":"","meta":[],"product_brand":[],"product_cat":[195,18],"product_tag":[],"class_list":{"0":"post-11102","1":"product","2":"type-product","3":"status-publish","4":"has-post-thumbnail","6":"product_cat-nueva-coleccion-recamaras","7":"product_cat-recamaras","9":"first","10":"instock","11":"sale","12":"shipping-taxable","13":"purchasable","14":"product-type-simple"},"yoast_head":"<!-- This site is optimized with the Yoast SEO plugin v27.0 - https:\/\/yoast.com\/product\/yoast-seo-wordpress\/ -->\n<title>Rec\u00e1mara Cielo Individual - Berova<\/title>\n<meta name=\"robots\" content=\"index, follow, max-snippet:-1, max-image-preview:large, max-video-preview:-1\" \/>\n<link rel=\"canonical\" href=\"https:\/\/berova.com.mx\/es_es\/producto\/recamara-cielo-individual\/\" \/>\n<meta property=\"og:locale\" content=\"es_ES\" \/>\n<meta property=\"og:type\" content=\"article\" \/>\n<meta property=\"og:title\" content=\"Rec\u00e1mara Cielo Individual - Berova\" \/>\n<meta property=\"og:description\" content=\"La Rec\u00e1mara Cielo es un conjunto de muebles que combina elegancia y serenidad. Con acabados suaves y dise\u00f1o contempor\u00e1neo, transforma&hellip;\" \/>\n<meta property=\"og:url\" content=\"https:\/\/berova.com.mx\/es_es\/producto\/recamara-cielo-individual\/\" \/>\n<meta property=\"og:site_name\" content=\"Berova\" \/>\n<meta property=\"article:publisher\" content=\"https:\/\/www.fb.me\/muebleria.berova\" \/>\n<meta property=\"article:modified_time\" content=\"2026-04-01T18:18:00+00:00\" \/>\n<meta property=\"og:image\" content=\"https:\/\/berova.com.mx\/wp-content\/uploads\/2024\/12\/RECAMARA-CIELO-MAT-500-x-500.jpg\" \/>\n\t<meta property=\"og:image:width\" content=\"500\" \/>\n\t<meta property=\"og:image:height\" content=\"500\" \/>\n\t<meta property=\"og:image:type\" content=\"image\/jpeg\" \/>\n<meta name=\"twitter:card\" content=\"summary_large_image\" \/>\n<meta name=\"twitter:label1\" content=\"Tiempo de lectura\" \/>\n\t<meta name=\"twitter:data1\" content=\"1 minuto\" \/>\n<script type=\"application\/ld+json\" class=\"yoast-schema-graph\">{\"@context\":\"https:\/\/schema.org\",\"@graph\":[{\"@type\":\"WebPage\",\"@id\":\"https:\/\/berova.com.mx\/producto\/recamara-cielo-individual\/\",\"url\":\"https:\/\/berova.com.mx\/producto\/recamara-cielo-individual\/\",\"name\":\"Rec\u00e1mara Cielo Individual - Berova\",\"isPartOf\":{\"@id\":\"https:\/\/berova.com.mx\/#website\"},\"primaryImageOfPage\":{\"@id\":\"https:\/\/berova.com.mx\/producto\/recamara-cielo-individual\/#primaryimage\"},\"image\":{\"@id\":\"https:\/\/berova.com.mx\/producto\/recamara-cielo-individual\/#primaryimage\"},\"thumbnailUrl\":\"https:\/\/berova.com.mx\/wp-content\/uploads\/2024\/12\/RECAMARA-CIELO-MAT-500-x-500.jpg\",\"datePublished\":\"2024-12-02T16:36:48+00:00\",\"dateModified\":\"2026-04-01T18:18:00+00:00\",\"breadcrumb\":{\"@id\":\"https:\/\/berova.com.mx\/producto\/recamara-cielo-individual\/#breadcrumb\"},\"inLanguage\":\"es\",\"potentialAction\":[{\"@type\":\"ReadAction\",\"target\":[\"https:\/\/berova.com.mx\/producto\/recamara-cielo-individual\/\"]}]},{\"@type\":\"ImageObject\",\"inLanguage\":\"es\",\"@id\":\"https:\/\/berova.com.mx\/producto\/recamara-cielo-individual\/#primaryimage\",\"url\":\"https:\/\/berova.com.mx\/wp-content\/uploads\/2024\/12\/RECAMARA-CIELO-MAT-500-x-500.jpg\",\"contentUrl\":\"https:\/\/berova.com.mx\/wp-content\/uploads\/2024\/12\/RECAMARA-CIELO-MAT-500-x-500.jpg\",\"width\":500,\"height\":500},{\"@type\":\"BreadcrumbList\",\"@id\":\"https:\/\/berova.com.mx\/producto\/recamara-cielo-individual\/#breadcrumb\",\"itemListElement\":[{\"@type\":\"ListItem\",\"position\":1,\"name\":\"P\u00e1gina Principal\",\"item\":\"https:\/\/berova.com.mx\/\"},{\"@type\":\"ListItem\",\"position\":2,\"name\":\"Tienda\",\"item\":\"https:\/\/berova.com.mx\/shop\/\"},{\"@type\":\"ListItem\",\"position\":3,\"name\":\"Rec\u00e1mara Cielo Individual\"}]},{\"@type\":\"WebSite\",\"@id\":\"https:\/\/berova.com.mx\/#website\",\"url\":\"https:\/\/berova.com.mx\/\",\"name\":\"Berova\",\"description\":\"Cumple Tus Sue&ntilde;os\",\"publisher\":{\"@id\":\"https:\/\/berova.com.mx\/#organization\"},\"potentialAction\":[{\"@type\":\"SearchAction\",\"target\":{\"@type\":\"EntryPoint\",\"urlTemplate\":\"https:\/\/berova.com.mx\/?s={search_term_string}\"},\"query-input\":{\"@type\":\"PropertyValueSpecification\",\"valueRequired\":true,\"valueName\":\"search_term_string\"}}],\"inLanguage\":\"es\"},{\"@type\":\"Organization\",\"@id\":\"https:\/\/berova.com.mx\/#organization\",\"name\":\"Berova\",\"url\":\"https:\/\/berova.com.mx\/\",\"logo\":{\"@type\":\"ImageObject\",\"inLanguage\":\"es\",\"@id\":\"https:\/\/berova.com.mx\/#\/schema\/logo\/image\/\",\"url\":\"https:\/\/i0.wp.com\/berova.com.mx\/wp-content\/uploads\/2020\/11\/BerovaLogo.png?fit=2211%2C682&ssl=1\",\"contentUrl\":\"https:\/\/i0.wp.com\/berova.com.mx\/wp-content\/uploads\/2020\/11\/BerovaLogo.png?fit=2211%2C682&ssl=1\",\"width\":2211,\"height\":682,\"caption\":\"Berova\"},\"image\":{\"@id\":\"https:\/\/berova.com.mx\/#\/schema\/logo\/image\/\"},\"sameAs\":[\"https:\/\/www.fb.me\/muebleria.berova\",\"https:\/\/www.instagram.com\/berova.mx\/\"]}]}<\/script>\n<!-- \/ Yoast SEO plugin. -->","yoast_head_json":{"title":"Rec\u00e1mara Cielo Individual - Berova","robots":{"index":"index","follow":"follow","max-snippet":"max-snippet:-1","max-image-preview":"max-image-preview:large","max-video-preview":"max-video-preview:-1"},"canonical":"https:\/\/berova.com.mx\/es_es\/producto\/recamara-cielo-individual\/","og_locale":"es_ES","og_type":"article","og_title":"Rec\u00e1mara Cielo Individual - Berova","og_description":"La Rec\u00e1mara Cielo es un conjunto de muebles que combina elegancia y serenidad. Con acabados suaves y dise\u00f1o contempor\u00e1neo, transforma&hellip;","og_url":"https:\/\/berova.com.mx\/es_es\/producto\/recamara-cielo-individual\/","og_site_name":"Berova","article_publisher":"https:\/\/www.fb.me\/muebleria.berova","article_modified_time":"2026-04-01T18:18:00+00:00","og_image":[{"width":500,"height":500,"url":"https:\/\/berova.com.mx\/wp-content\/uploads\/2024\/12\/RECAMARA-CIELO-MAT-500-x-500.jpg","type":"image\/jpeg"}],"twitter_card":"summary_large_image","twitter_misc":{"Tiempo de lectura":"1 minuto"},"schema":{"@context":"https:\/\/schema.org","@graph":[{"@type":"WebPage","@id":"https:\/\/berova.com.mx\/producto\/recamara-cielo-individual\/","url":"https:\/\/berova.com.mx\/producto\/recamara-cielo-individual\/","name":"Rec\u00e1mara Cielo Individual - Berova","isPartOf":{"@id":"https:\/\/berova.com.mx\/#website"},"primaryImageOfPage":{"@id":"https:\/\/berova.com.mx\/producto\/recamara-cielo-individual\/#primaryimage"},"image":{"@id":"https:\/\/berova.com.mx\/producto\/recamara-cielo-individual\/#primaryimage"},"thumbnailUrl":"https:\/\/berova.com.mx\/wp-content\/uploads\/2024\/12\/RECAMARA-CIELO-MAT-500-x-500.jpg","datePublished":"2024-12-02T16:36:48+00:00","dateModified":"2026-04-01T18:18:00+00:00","breadcrumb":{"@id":"https:\/\/berova.com.mx\/producto\/recamara-cielo-individual\/#breadcrumb"},"inLanguage":"es","potentialAction":[{"@type":"ReadAction","target":["https:\/\/berova.com.mx\/producto\/recamara-cielo-individual\/"]}]},{"@type":"ImageObject","inLanguage":"es","@id":"https:\/\/berova.com.mx\/producto\/recamara-cielo-individual\/#primaryimage","url":"https:\/\/berova.com.mx\/wp-content\/uploads\/2024\/12\/RECAMARA-CIELO-MAT-500-x-500.jpg","contentUrl":"https:\/\/berova.com.mx\/wp-content\/uploads\/2024\/12\/RECAMARA-CIELO-MAT-500-x-500.jpg","width":500,"height":500},{"@type":"BreadcrumbList","@id":"https:\/\/berova.com.mx\/producto\/recamara-cielo-individual\/#breadcrumb","itemListElement":[{"@type":"ListItem","position":1,"name":"P\u00e1gina Principal","item":"https:\/\/berova.com.mx\/"},{"@type":"ListItem","position":2,"name":"Tienda","item":"https:\/\/berova.com.mx\/shop\/"},{"@type":"ListItem","position":3,"name":"Rec\u00e1mara Cielo Individual"}]},{"@type":"WebSite","@id":"https:\/\/berova.com.mx\/#website","url":"https:\/\/berova.com.mx\/","name":"Berova","description":"Cumple Tus Sue&ntilde;os","publisher":{"@id":"https:\/\/berova.com.mx\/#organization"},"potentialAction":[{"@type":"SearchAction","target":{"@type":"EntryPoint","urlTemplate":"https:\/\/berova.com.mx\/?s={search_term_string}"},"query-input":{"@type":"PropertyValueSpecification","valueRequired":true,"valueName":"search_term_string"}}],"inLanguage":"es"},{"@type":"Organization","@id":"https:\/\/berova.com.mx\/#organization","name":"Berova","url":"https:\/\/berova.com.mx\/","logo":{"@type":"ImageObject","inLanguage":"es","@id":"https:\/\/berova.com.mx\/#\/schema\/logo\/image\/","url":"https:\/\/i0.wp.com\/berova.com.mx\/wp-content\/uploads\/2020\/11\/BerovaLogo.png?fit=2211%2C682&ssl=1","contentUrl":"https:\/\/i0.wp.com\/berova.com.mx\/wp-content\/uploads\/2020\/11\/BerovaLogo.png?fit=2211%2C682&ssl=1","width":2211,"height":682,"caption":"Berova"},"image":{"@id":"https:\/\/berova.com.mx\/#\/schema\/logo\/image\/"},"sameAs":["https:\/\/www.fb.me\/muebleria.berova","https:\/\/www.instagram.com\/berova.mx\/"]}]}},"_links":{"self":[{"href":"https:\/\/berova.com.mx\/es_es\/wp-json\/wp\/v2\/product\/11102","targetHints":{"allow":["GET"]}}],"collection":[{"href":"https:\/\/berova.com.mx\/es_es\/wp-json\/wp\/v2\/product"}],"about":[{"href":"https:\/\/berova.com.mx\/es_es\/wp-json\/wp\/v2\/types\/product"}],"replies":[{"embeddable":true,"href":"https:\/\/berova.com.mx\/es_es\/wp-json\/wp\/v2\/comments?post=11102"}],"wp:featuredmedia":[{"embeddable":true,"href":"https:\/\/berova.com.mx\/es_es\/wp-json\/wp\/v2\/media\/11388"}],"wp:attachment":[{"href":"https:\/\/berova.com.mx\/es_es\/wp-json\/wp\/v2\/media?parent=11102"}],"wp:term":[{"taxonomy":"product_brand","embeddable":true,"href":"https:\/\/berova.com.mx\/es_es\/wp-json\/wp\/v2\/product_brand?post=11102"},{"taxonomy":"product_cat","embeddable":true,"href":"https:\/\/berova.com.mx\/es_es\/wp-json\/wp\/v2\/product_cat?post=11102"},{"taxonomy":"product_tag","embeddable":true,"href":"https:\/\/berova.com.mx\/es_es\/wp-json\/wp\/v2\/product_tag?post=11102"}],"curies":[{"name":"wp","href":"https:\/\/api.w.org\/{rel}","templated":true}]}}