{"id":11748,"date":"2026-03-03T18:50:27","date_gmt":"2026-03-04T00:50:27","guid":{"rendered":"https:\/\/berova.com.mx\/?post_type=product&#038;p=11748"},"modified":"2026-04-01T12:36:22","modified_gmt":"2026-04-01T17:36:22","slug":"recamara-iveth-matrimonial","status":"publish","type":"product","link":"https:\/\/berova.com.mx\/es_es\/producto\/recamara-iveth-matrimonial\/","title":{"rendered":"Recamara Iveth Matrimonial"},"content":{"rendered":"<p>La rec\u00e1mara Iveth destaca por su dise\u00f1o contempor\u00e1neo y funcional, perfecta para crear un ambiente c\u00f3modo y moderno en tu dormitorio.<\/p>\n<ul>\n<li><strong>RESPALDO MATRIMONIAL<\/strong> &#8211; ANCHO: 138 CM, ALTO: 150 CM<\/li>\n<li><strong>BASE MATRIMONIAL<\/strong> &#8211; ANCHO: 136 CM, FONDO: 190 CM<\/li>\n<\/ul>","protected":false},"excerpt":{"rendered":"<p>La rec\u00e1mara Iveth destaca por su dise\u00f1o contempor\u00e1neo y funcional, perfecta para crear un ambiente c\u00f3modo y moderno en tu&hellip;<\/p>","protected":false},"featured_media":11749,"comment_status":"closed","ping_status":"closed","template":"","meta":[],"product_brand":[],"product_cat":[18],"product_tag":[],"class_list":{"0":"post-11748","1":"product","2":"type-product","3":"status-publish","4":"has-post-thumbnail","6":"product_cat-recamaras","8":"first","9":"instock","10":"shipping-taxable","11":"purchasable","12":"product-type-simple"},"yoast_head":"<!-- This site is optimized with the Yoast SEO plugin v27.0 - https:\/\/yoast.com\/product\/yoast-seo-wordpress\/ -->\n<title>Recamara Iveth Matrimonial - Berova<\/title>\n<meta name=\"robots\" content=\"index, follow, max-snippet:-1, max-image-preview:large, max-video-preview:-1\" \/>\n<link rel=\"canonical\" href=\"https:\/\/berova.com.mx\/es_es\/producto\/recamara-iveth-matrimonial\/\" \/>\n<meta property=\"og:locale\" content=\"es_ES\" \/>\n<meta property=\"og:type\" content=\"article\" \/>\n<meta property=\"og:title\" content=\"Recamara Iveth Matrimonial - Berova\" \/>\n<meta property=\"og:description\" content=\"La rec\u00e1mara Iveth destaca por su dise\u00f1o contempor\u00e1neo y funcional, perfecta para crear un ambiente c\u00f3modo y moderno en tu&hellip;\" \/>\n<meta property=\"og:url\" content=\"https:\/\/berova.com.mx\/es_es\/producto\/recamara-iveth-matrimonial\/\" \/>\n<meta property=\"og:site_name\" content=\"Berova\" \/>\n<meta property=\"article:publisher\" content=\"https:\/\/www.fb.me\/muebleria.berova\" \/>\n<meta property=\"article:modified_time\" content=\"2026-04-01T17:36:22+00:00\" \/>\n<meta property=\"og:image\" content=\"https:\/\/berova.com.mx\/wp-content\/uploads\/2026\/03\/IVETH.jpg\" \/>\n\t<meta property=\"og:image:width\" content=\"500\" \/>\n\t<meta property=\"og:image:height\" content=\"500\" \/>\n\t<meta property=\"og:image:type\" content=\"image\/jpeg\" \/>\n<meta name=\"twitter:card\" content=\"summary_large_image\" \/>\n<meta name=\"twitter:label1\" content=\"Tiempo de lectura\" \/>\n\t<meta name=\"twitter:data1\" content=\"1 minuto\" \/>\n<script type=\"application\/ld+json\" class=\"yoast-schema-graph\">{\"@context\":\"https:\/\/schema.org\",\"@graph\":[{\"@type\":\"WebPage\",\"@id\":\"https:\/\/berova.com.mx\/producto\/recamara-iveth-matrimonial\/\",\"url\":\"https:\/\/berova.com.mx\/producto\/recamara-iveth-matrimonial\/\",\"name\":\"Recamara Iveth Matrimonial - Berova\",\"isPartOf\":{\"@id\":\"https:\/\/berova.com.mx\/#website\"},\"primaryImageOfPage\":{\"@id\":\"https:\/\/berova.com.mx\/producto\/recamara-iveth-matrimonial\/#primaryimage\"},\"image\":{\"@id\":\"https:\/\/berova.com.mx\/producto\/recamara-iveth-matrimonial\/#primaryimage\"},\"thumbnailUrl\":\"https:\/\/berova.com.mx\/wp-content\/uploads\/2026\/03\/IVETH.jpg\",\"datePublished\":\"2026-03-04T00:50:27+00:00\",\"dateModified\":\"2026-04-01T17:36:22+00:00\",\"breadcrumb\":{\"@id\":\"https:\/\/berova.com.mx\/producto\/recamara-iveth-matrimonial\/#breadcrumb\"},\"inLanguage\":\"es\",\"potentialAction\":[{\"@type\":\"ReadAction\",\"target\":[\"https:\/\/berova.com.mx\/producto\/recamara-iveth-matrimonial\/\"]}]},{\"@type\":\"ImageObject\",\"inLanguage\":\"es\",\"@id\":\"https:\/\/berova.com.mx\/producto\/recamara-iveth-matrimonial\/#primaryimage\",\"url\":\"https:\/\/berova.com.mx\/wp-content\/uploads\/2026\/03\/IVETH.jpg\",\"contentUrl\":\"https:\/\/berova.com.mx\/wp-content\/uploads\/2026\/03\/IVETH.jpg\",\"width\":500,\"height\":500,\"caption\":\"Recamara Iveth\"},{\"@type\":\"BreadcrumbList\",\"@id\":\"https:\/\/berova.com.mx\/producto\/recamara-iveth-matrimonial\/#breadcrumb\",\"itemListElement\":[{\"@type\":\"ListItem\",\"position\":1,\"name\":\"P\u00e1gina Principal\",\"item\":\"https:\/\/berova.com.mx\/\"},{\"@type\":\"ListItem\",\"position\":2,\"name\":\"Tienda\",\"item\":\"https:\/\/berova.com.mx\/shop\/\"},{\"@type\":\"ListItem\",\"position\":3,\"name\":\"Recamara Iveth Matrimonial\"}]},{\"@type\":\"WebSite\",\"@id\":\"https:\/\/berova.com.mx\/#website\",\"url\":\"https:\/\/berova.com.mx\/\",\"name\":\"Berova\",\"description\":\"Cumple Tus Sue&ntilde;os\",\"publisher\":{\"@id\":\"https:\/\/berova.com.mx\/#organization\"},\"potentialAction\":[{\"@type\":\"SearchAction\",\"target\":{\"@type\":\"EntryPoint\",\"urlTemplate\":\"https:\/\/berova.com.mx\/?s={search_term_string}\"},\"query-input\":{\"@type\":\"PropertyValueSpecification\",\"valueRequired\":true,\"valueName\":\"search_term_string\"}}],\"inLanguage\":\"es\"},{\"@type\":\"Organization\",\"@id\":\"https:\/\/berova.com.mx\/#organization\",\"name\":\"Berova\",\"url\":\"https:\/\/berova.com.mx\/\",\"logo\":{\"@type\":\"ImageObject\",\"inLanguage\":\"es\",\"@id\":\"https:\/\/berova.com.mx\/#\/schema\/logo\/image\/\",\"url\":\"https:\/\/i0.wp.com\/berova.com.mx\/wp-content\/uploads\/2020\/11\/BerovaLogo.png?fit=2211%2C682&ssl=1\",\"contentUrl\":\"https:\/\/i0.wp.com\/berova.com.mx\/wp-content\/uploads\/2020\/11\/BerovaLogo.png?fit=2211%2C682&ssl=1\",\"width\":2211,\"height\":682,\"caption\":\"Berova\"},\"image\":{\"@id\":\"https:\/\/berova.com.mx\/#\/schema\/logo\/image\/\"},\"sameAs\":[\"https:\/\/www.fb.me\/muebleria.berova\",\"https:\/\/www.instagram.com\/berova.mx\/\"]}]}<\/script>\n<!-- \/ Yoast SEO plugin. -->","yoast_head_json":{"title":"Recamara Iveth Matrimonial - Berova","robots":{"index":"index","follow":"follow","max-snippet":"max-snippet:-1","max-image-preview":"max-image-preview:large","max-video-preview":"max-video-preview:-1"},"canonical":"https:\/\/berova.com.mx\/es_es\/producto\/recamara-iveth-matrimonial\/","og_locale":"es_ES","og_type":"article","og_title":"Recamara Iveth Matrimonial - Berova","og_description":"La rec\u00e1mara Iveth destaca por su dise\u00f1o contempor\u00e1neo y funcional, perfecta para crear un ambiente c\u00f3modo y moderno en tu&hellip;","og_url":"https:\/\/berova.com.mx\/es_es\/producto\/recamara-iveth-matrimonial\/","og_site_name":"Berova","article_publisher":"https:\/\/www.fb.me\/muebleria.berova","article_modified_time":"2026-04-01T17:36:22+00:00","og_image":[{"width":500,"height":500,"url":"https:\/\/berova.com.mx\/wp-content\/uploads\/2026\/03\/IVETH.jpg","type":"image\/jpeg"}],"twitter_card":"summary_large_image","twitter_misc":{"Tiempo de lectura":"1 minuto"},"schema":{"@context":"https:\/\/schema.org","@graph":[{"@type":"WebPage","@id":"https:\/\/berova.com.mx\/producto\/recamara-iveth-matrimonial\/","url":"https:\/\/berova.com.mx\/producto\/recamara-iveth-matrimonial\/","name":"Recamara Iveth Matrimonial - Berova","isPartOf":{"@id":"https:\/\/berova.com.mx\/#website"},"primaryImageOfPage":{"@id":"https:\/\/berova.com.mx\/producto\/recamara-iveth-matrimonial\/#primaryimage"},"image":{"@id":"https:\/\/berova.com.mx\/producto\/recamara-iveth-matrimonial\/#primaryimage"},"thumbnailUrl":"https:\/\/berova.com.mx\/wp-content\/uploads\/2026\/03\/IVETH.jpg","datePublished":"2026-03-04T00:50:27+00:00","dateModified":"2026-04-01T17:36:22+00:00","breadcrumb":{"@id":"https:\/\/berova.com.mx\/producto\/recamara-iveth-matrimonial\/#breadcrumb"},"inLanguage":"es","potentialAction":[{"@type":"ReadAction","target":["https:\/\/berova.com.mx\/producto\/recamara-iveth-matrimonial\/"]}]},{"@type":"ImageObject","inLanguage":"es","@id":"https:\/\/berova.com.mx\/producto\/recamara-iveth-matrimonial\/#primaryimage","url":"https:\/\/berova.com.mx\/wp-content\/uploads\/2026\/03\/IVETH.jpg","contentUrl":"https:\/\/berova.com.mx\/wp-content\/uploads\/2026\/03\/IVETH.jpg","width":500,"height":500,"caption":"Recamara Iveth"},{"@type":"BreadcrumbList","@id":"https:\/\/berova.com.mx\/producto\/recamara-iveth-matrimonial\/#breadcrumb","itemListElement":[{"@type":"ListItem","position":1,"name":"P\u00e1gina Principal","item":"https:\/\/berova.com.mx\/"},{"@type":"ListItem","position":2,"name":"Tienda","item":"https:\/\/berova.com.mx\/shop\/"},{"@type":"ListItem","position":3,"name":"Recamara Iveth Matrimonial"}]},{"@type":"WebSite","@id":"https:\/\/berova.com.mx\/#website","url":"https:\/\/berova.com.mx\/","name":"Berova","description":"Cumple Tus Sue&ntilde;os","publisher":{"@id":"https:\/\/berova.com.mx\/#organization"},"potentialAction":[{"@type":"SearchAction","target":{"@type":"EntryPoint","urlTemplate":"https:\/\/berova.com.mx\/?s={search_term_string}"},"query-input":{"@type":"PropertyValueSpecification","valueRequired":true,"valueName":"search_term_string"}}],"inLanguage":"es"},{"@type":"Organization","@id":"https:\/\/berova.com.mx\/#organization","name":"Berova","url":"https:\/\/berova.com.mx\/","logo":{"@type":"ImageObject","inLanguage":"es","@id":"https:\/\/berova.com.mx\/#\/schema\/logo\/image\/","url":"https:\/\/i0.wp.com\/berova.com.mx\/wp-content\/uploads\/2020\/11\/BerovaLogo.png?fit=2211%2C682&ssl=1","contentUrl":"https:\/\/i0.wp.com\/berova.com.mx\/wp-content\/uploads\/2020\/11\/BerovaLogo.png?fit=2211%2C682&ssl=1","width":2211,"height":682,"caption":"Berova"},"image":{"@id":"https:\/\/berova.com.mx\/#\/schema\/logo\/image\/"},"sameAs":["https:\/\/www.fb.me\/muebleria.berova","https:\/\/www.instagram.com\/berova.mx\/"]}]}},"_links":{"self":[{"href":"https:\/\/berova.com.mx\/es_es\/wp-json\/wp\/v2\/product\/11748","targetHints":{"allow":["GET"]}}],"collection":[{"href":"https:\/\/berova.com.mx\/es_es\/wp-json\/wp\/v2\/product"}],"about":[{"href":"https:\/\/berova.com.mx\/es_es\/wp-json\/wp\/v2\/types\/product"}],"replies":[{"embeddable":true,"href":"https:\/\/berova.com.mx\/es_es\/wp-json\/wp\/v2\/comments?post=11748"}],"wp:featuredmedia":[{"embeddable":true,"href":"https:\/\/berova.com.mx\/es_es\/wp-json\/wp\/v2\/media\/11749"}],"wp:attachment":[{"href":"https:\/\/berova.com.mx\/es_es\/wp-json\/wp\/v2\/media?parent=11748"}],"wp:term":[{"taxonomy":"product_brand","embeddable":true,"href":"https:\/\/berova.com.mx\/es_es\/wp-json\/wp\/v2\/product_brand?post=11748"},{"taxonomy":"product_cat","embeddable":true,"href":"https:\/\/berova.com.mx\/es_es\/wp-json\/wp\/v2\/product_cat?post=11748"},{"taxonomy":"product_tag","embeddable":true,"href":"https:\/\/berova.com.mx\/es_es\/wp-json\/wp\/v2\/product_tag?post=11748"}],"curies":[{"name":"wp","href":"https:\/\/api.w.org\/{rel}","templated":true}]}}