{"id":229,"date":"2021-01-20T10:35:08","date_gmt":"2021-01-20T16:35:08","guid":{"rendered":"https:\/\/berova.com.mx\/?post_type=product&#038;p=229"},"modified":"2026-03-13T12:14:29","modified_gmt":"2026-03-13T17:14:29","slug":"television-hisense-32-h5d","status":"publish","type":"product","link":"https:\/\/berova.com.mx\/es_es\/producto\/television-hisense-32-h5d\/","title":{"rendered":"Hisense Smart TV 32 Pulgadas"},"content":{"rendered":"<p><strong>Smart TV HISENSE 32H550F 32&#8243;<\/strong><\/p>\n<p>Hisense es la marca #1 de Televisores y la #3 en electrodom\u00e9sticos en el mundo. Fue reconocida con diferentes premios por sus altos est\u00e1ndares en innovaci\u00f3n, tecnolog\u00eda, dise\u00f1o y gesti\u00f3n de calidad. \u00a1Vive la experiencia Hisense, sum\u00e9rgete en la pantalla!<\/p>\n<p>&nbsp;<\/p>\n<p>Con el Smart TV 32H550F acceder\u00e1s a las aplicaciones donde se encuentran tus contenidos favoritos. Adem\u00e1s, podr\u00e1s navegar por Internet, interactuar en redes sociales y divertirte con videojuegos<\/p>\n<ul>\n<li class=\"p1\">USB<\/li>\n<li class=\"p1\">Conexiones HDMI 2.0<\/li>\n<li class=\"p1\">Entradas de video compuesto 1.0<\/li>\n<li class=\"p1\">Entradas de audio 1.0<\/li>\n<li class=\"p1\">Salida de audio<\/li>\n<\/ul>\n<p>&nbsp;<\/p>\n<p>Su resoluci\u00f3n HD te presentar\u00e1 im\u00e1genes con gran detalle y alta definici\u00f3n. Ahora todo lo que veas cobrar\u00e1 vida con brillo y colores m\u00e1s reales<\/p>\n<p>&nbsp;<\/p>\n<div id=\"productOverview_feature_div\" class=\"celwidget\" data-feature-name=\"productOverview\" data-csa-c-id=\"t4absd-ick5uq-wanosk-a7wlk4\">\n<div class=\"a-section a-spacing-small a-spacing-top-small\">\n<table class=\"a-normal a-spacing-micro\">\n<tbody>\n<tr class=\"a-spacing-small\">\n<td class=\"a-span3\"><span class=\"a-size-base a-text-bold\">Tama\u00f1o de la pantalla<\/span><\/td>\n<td class=\"a-span9\"><span class=\"a-size-base\">32 Pulgadas<\/span><\/td>\n<\/tr>\n<tr class=\"a-spacing-small\">\n<td class=\"a-span3\"><span class=\"a-size-base a-text-bold\">Servicios de Internet compatibles<\/span><\/td>\n<td class=\"a-span9\"><span class=\"a-size-base\">Android TV<\/span><\/td>\n<\/tr>\n<tr class=\"a-spacing-small\">\n<td class=\"a-span3\"><span class=\"a-size-base a-text-bold\">Tipo de conector<\/span><\/td>\n<td class=\"a-span9\"><span class=\"a-size-base\">USB, Ethernet, LAN, HDMI, Tecnolog\u00eda_inal\u00e1mbrica<\/span><\/td>\n<\/tr>\n<tr class=\"a-spacing-small\">\n<td class=\"a-span3\"><span class=\"a-size-base a-text-bold\">Marca<\/span><\/td>\n<td class=\"a-span9\"><span class=\"a-size-base\">Hisense<\/span><\/td>\n<\/tr>\n<tr class=\"a-spacing-small\">\n<td class=\"a-span3\"><span class=\"a-size-base a-text-bold\">Resoluci\u00f3n del esc\u00e1ner<\/span><\/td>\n<td class=\"a-span9\"><span class=\"a-size-base\">720p<\/span><\/td>\n<\/tr>\n<\/tbody>\n<\/table>\n<\/div>\n<\/div>\n<div id=\"featurebullets_feature_div\" class=\"celwidget\" data-feature-name=\"featurebullets\" data-csa-c-id=\"vd7v0c-255qjq-q1w623-h2xccv\">\n<div id=\"feature-bullets\" class=\"a-section a-spacing-medium a-spacing-top-small\"><\/div>\n<\/div>","protected":false},"excerpt":{"rendered":"<p>Smart TV HISENSE 32H550F 32&#8243; Hisense es la marca #1 de Televisores y la #3 en electrodom\u00e9sticos en el mundo.&hellip;<\/p>","protected":false},"featured_media":970,"comment_status":"closed","ping_status":"closed","template":"","meta":[],"product_brand":[],"product_cat":[81],"product_tag":[],"class_list":{"0":"post-229","1":"product","2":"type-product","3":"status-publish","4":"has-post-thumbnail","6":"product_cat-televisiones","7":"it-has-gallery","9":"first","10":"instock","11":"shipping-taxable","12":"purchasable","13":"product-type-simple"},"yoast_head":"<!-- This site is optimized with the Yoast SEO plugin v27.0 - https:\/\/yoast.com\/product\/yoast-seo-wordpress\/ -->\n<title>Hisense Smart TV 32 Pulgadas - Berova<\/title>\n<meta name=\"robots\" content=\"index, follow, max-snippet:-1, max-image-preview:large, max-video-preview:-1\" \/>\n<link rel=\"canonical\" href=\"https:\/\/berova.com.mx\/es_es\/producto\/television-hisense-32-h5d\/\" \/>\n<meta property=\"og:locale\" content=\"es_ES\" \/>\n<meta property=\"og:type\" content=\"article\" \/>\n<meta property=\"og:title\" content=\"Hisense Smart TV 32 Pulgadas - Berova\" \/>\n<meta property=\"og:description\" content=\"Smart TV HISENSE 32H550F 32&#8243; Hisense es la marca #1 de Televisores y la #3 en electrodom\u00e9sticos en el mundo.&hellip;\" \/>\n<meta property=\"og:url\" content=\"https:\/\/berova.com.mx\/es_es\/producto\/television-hisense-32-h5d\/\" \/>\n<meta property=\"og:site_name\" content=\"Berova\" \/>\n<meta property=\"article:publisher\" content=\"https:\/\/www.fb.me\/muebleria.berova\" \/>\n<meta property=\"article:modified_time\" content=\"2026-03-13T17:14:29+00:00\" \/>\n<meta property=\"og:image\" content=\"https:\/\/berova.com.mx\/wp-content\/uploads\/2021\/01\/91jJ387j7EL._AC_SL1500_-500x500-1.jpg\" \/>\n\t<meta property=\"og:image:width\" content=\"500\" \/>\n\t<meta property=\"og:image:height\" content=\"500\" \/>\n\t<meta property=\"og:image:type\" content=\"image\/jpeg\" \/>\n<meta name=\"twitter:card\" content=\"summary_large_image\" \/>\n<meta name=\"twitter:label1\" content=\"Tiempo de lectura\" \/>\n\t<meta name=\"twitter:data1\" content=\"2 minutos\" \/>\n<script type=\"application\/ld+json\" class=\"yoast-schema-graph\">{\"@context\":\"https:\/\/schema.org\",\"@graph\":[{\"@type\":\"WebPage\",\"@id\":\"https:\/\/berova.com.mx\/producto\/television-hisense-32-h5d\/\",\"url\":\"https:\/\/berova.com.mx\/producto\/television-hisense-32-h5d\/\",\"name\":\"Hisense Smart TV 32 Pulgadas - Berova\",\"isPartOf\":{\"@id\":\"https:\/\/berova.com.mx\/#website\"},\"primaryImageOfPage\":{\"@id\":\"https:\/\/berova.com.mx\/producto\/television-hisense-32-h5d\/#primaryimage\"},\"image\":{\"@id\":\"https:\/\/berova.com.mx\/producto\/television-hisense-32-h5d\/#primaryimage\"},\"thumbnailUrl\":\"https:\/\/berova.com.mx\/wp-content\/uploads\/2021\/01\/91jJ387j7EL._AC_SL1500_-500x500-1.jpg\",\"datePublished\":\"2021-01-20T16:35:08+00:00\",\"dateModified\":\"2026-03-13T17:14:29+00:00\",\"breadcrumb\":{\"@id\":\"https:\/\/berova.com.mx\/producto\/television-hisense-32-h5d\/#breadcrumb\"},\"inLanguage\":\"es\",\"potentialAction\":[{\"@type\":\"ReadAction\",\"target\":[\"https:\/\/berova.com.mx\/producto\/television-hisense-32-h5d\/\"]}]},{\"@type\":\"ImageObject\",\"inLanguage\":\"es\",\"@id\":\"https:\/\/berova.com.mx\/producto\/television-hisense-32-h5d\/#primaryimage\",\"url\":\"https:\/\/berova.com.mx\/wp-content\/uploads\/2021\/01\/91jJ387j7EL._AC_SL1500_-500x500-1.jpg\",\"contentUrl\":\"https:\/\/berova.com.mx\/wp-content\/uploads\/2021\/01\/91jJ387j7EL._AC_SL1500_-500x500-1.jpg\",\"width\":500,\"height\":500},{\"@type\":\"BreadcrumbList\",\"@id\":\"https:\/\/berova.com.mx\/producto\/television-hisense-32-h5d\/#breadcrumb\",\"itemListElement\":[{\"@type\":\"ListItem\",\"position\":1,\"name\":\"P\u00e1gina Principal\",\"item\":\"https:\/\/berova.com.mx\/\"},{\"@type\":\"ListItem\",\"position\":2,\"name\":\"Tienda\",\"item\":\"https:\/\/berova.com.mx\/shop\/\"},{\"@type\":\"ListItem\",\"position\":3,\"name\":\"Hisense Smart TV 32 Pulgadas\"}]},{\"@type\":\"WebSite\",\"@id\":\"https:\/\/berova.com.mx\/#website\",\"url\":\"https:\/\/berova.com.mx\/\",\"name\":\"Berova\",\"description\":\"Cumple Tus Sue&ntilde;os\",\"publisher\":{\"@id\":\"https:\/\/berova.com.mx\/#organization\"},\"potentialAction\":[{\"@type\":\"SearchAction\",\"target\":{\"@type\":\"EntryPoint\",\"urlTemplate\":\"https:\/\/berova.com.mx\/?s={search_term_string}\"},\"query-input\":{\"@type\":\"PropertyValueSpecification\",\"valueRequired\":true,\"valueName\":\"search_term_string\"}}],\"inLanguage\":\"es\"},{\"@type\":\"Organization\",\"@id\":\"https:\/\/berova.com.mx\/#organization\",\"name\":\"Berova\",\"url\":\"https:\/\/berova.com.mx\/\",\"logo\":{\"@type\":\"ImageObject\",\"inLanguage\":\"es\",\"@id\":\"https:\/\/berova.com.mx\/#\/schema\/logo\/image\/\",\"url\":\"https:\/\/i0.wp.com\/berova.com.mx\/wp-content\/uploads\/2020\/11\/BerovaLogo.png?fit=2211%2C682&ssl=1\",\"contentUrl\":\"https:\/\/i0.wp.com\/berova.com.mx\/wp-content\/uploads\/2020\/11\/BerovaLogo.png?fit=2211%2C682&ssl=1\",\"width\":2211,\"height\":682,\"caption\":\"Berova\"},\"image\":{\"@id\":\"https:\/\/berova.com.mx\/#\/schema\/logo\/image\/\"},\"sameAs\":[\"https:\/\/www.fb.me\/muebleria.berova\",\"https:\/\/www.instagram.com\/berova.mx\/\"]}]}<\/script>\n<!-- \/ Yoast SEO plugin. -->","yoast_head_json":{"title":"Hisense Smart TV 32 Pulgadas - Berova","robots":{"index":"index","follow":"follow","max-snippet":"max-snippet:-1","max-image-preview":"max-image-preview:large","max-video-preview":"max-video-preview:-1"},"canonical":"https:\/\/berova.com.mx\/es_es\/producto\/television-hisense-32-h5d\/","og_locale":"es_ES","og_type":"article","og_title":"Hisense Smart TV 32 Pulgadas - Berova","og_description":"Smart TV HISENSE 32H550F 32&#8243; Hisense es la marca #1 de Televisores y la #3 en electrodom\u00e9sticos en el mundo.&hellip;","og_url":"https:\/\/berova.com.mx\/es_es\/producto\/television-hisense-32-h5d\/","og_site_name":"Berova","article_publisher":"https:\/\/www.fb.me\/muebleria.berova","article_modified_time":"2026-03-13T17:14:29+00:00","og_image":[{"width":500,"height":500,"url":"https:\/\/berova.com.mx\/wp-content\/uploads\/2021\/01\/91jJ387j7EL._AC_SL1500_-500x500-1.jpg","type":"image\/jpeg"}],"twitter_card":"summary_large_image","twitter_misc":{"Tiempo de lectura":"2 minutos"},"schema":{"@context":"https:\/\/schema.org","@graph":[{"@type":"WebPage","@id":"https:\/\/berova.com.mx\/producto\/television-hisense-32-h5d\/","url":"https:\/\/berova.com.mx\/producto\/television-hisense-32-h5d\/","name":"Hisense Smart TV 32 Pulgadas - Berova","isPartOf":{"@id":"https:\/\/berova.com.mx\/#website"},"primaryImageOfPage":{"@id":"https:\/\/berova.com.mx\/producto\/television-hisense-32-h5d\/#primaryimage"},"image":{"@id":"https:\/\/berova.com.mx\/producto\/television-hisense-32-h5d\/#primaryimage"},"thumbnailUrl":"https:\/\/berova.com.mx\/wp-content\/uploads\/2021\/01\/91jJ387j7EL._AC_SL1500_-500x500-1.jpg","datePublished":"2021-01-20T16:35:08+00:00","dateModified":"2026-03-13T17:14:29+00:00","breadcrumb":{"@id":"https:\/\/berova.com.mx\/producto\/television-hisense-32-h5d\/#breadcrumb"},"inLanguage":"es","potentialAction":[{"@type":"ReadAction","target":["https:\/\/berova.com.mx\/producto\/television-hisense-32-h5d\/"]}]},{"@type":"ImageObject","inLanguage":"es","@id":"https:\/\/berova.com.mx\/producto\/television-hisense-32-h5d\/#primaryimage","url":"https:\/\/berova.com.mx\/wp-content\/uploads\/2021\/01\/91jJ387j7EL._AC_SL1500_-500x500-1.jpg","contentUrl":"https:\/\/berova.com.mx\/wp-content\/uploads\/2021\/01\/91jJ387j7EL._AC_SL1500_-500x500-1.jpg","width":500,"height":500},{"@type":"BreadcrumbList","@id":"https:\/\/berova.com.mx\/producto\/television-hisense-32-h5d\/#breadcrumb","itemListElement":[{"@type":"ListItem","position":1,"name":"P\u00e1gina Principal","item":"https:\/\/berova.com.mx\/"},{"@type":"ListItem","position":2,"name":"Tienda","item":"https:\/\/berova.com.mx\/shop\/"},{"@type":"ListItem","position":3,"name":"Hisense Smart TV 32 Pulgadas"}]},{"@type":"WebSite","@id":"https:\/\/berova.com.mx\/#website","url":"https:\/\/berova.com.mx\/","name":"Berova","description":"Cumple Tus Sue&ntilde;os","publisher":{"@id":"https:\/\/berova.com.mx\/#organization"},"potentialAction":[{"@type":"SearchAction","target":{"@type":"EntryPoint","urlTemplate":"https:\/\/berova.com.mx\/?s={search_term_string}"},"query-input":{"@type":"PropertyValueSpecification","valueRequired":true,"valueName":"search_term_string"}}],"inLanguage":"es"},{"@type":"Organization","@id":"https:\/\/berova.com.mx\/#organization","name":"Berova","url":"https:\/\/berova.com.mx\/","logo":{"@type":"ImageObject","inLanguage":"es","@id":"https:\/\/berova.com.mx\/#\/schema\/logo\/image\/","url":"https:\/\/i0.wp.com\/berova.com.mx\/wp-content\/uploads\/2020\/11\/BerovaLogo.png?fit=2211%2C682&ssl=1","contentUrl":"https:\/\/i0.wp.com\/berova.com.mx\/wp-content\/uploads\/2020\/11\/BerovaLogo.png?fit=2211%2C682&ssl=1","width":2211,"height":682,"caption":"Berova"},"image":{"@id":"https:\/\/berova.com.mx\/#\/schema\/logo\/image\/"},"sameAs":["https:\/\/www.fb.me\/muebleria.berova","https:\/\/www.instagram.com\/berova.mx\/"]}]}},"_links":{"self":[{"href":"https:\/\/berova.com.mx\/es_es\/wp-json\/wp\/v2\/product\/229","targetHints":{"allow":["GET"]}}],"collection":[{"href":"https:\/\/berova.com.mx\/es_es\/wp-json\/wp\/v2\/product"}],"about":[{"href":"https:\/\/berova.com.mx\/es_es\/wp-json\/wp\/v2\/types\/product"}],"replies":[{"embeddable":true,"href":"https:\/\/berova.com.mx\/es_es\/wp-json\/wp\/v2\/comments?post=229"}],"wp:featuredmedia":[{"embeddable":true,"href":"https:\/\/berova.com.mx\/es_es\/wp-json\/wp\/v2\/media\/970"}],"wp:attachment":[{"href":"https:\/\/berova.com.mx\/es_es\/wp-json\/wp\/v2\/media?parent=229"}],"wp:term":[{"taxonomy":"product_brand","embeddable":true,"href":"https:\/\/berova.com.mx\/es_es\/wp-json\/wp\/v2\/product_brand?post=229"},{"taxonomy":"product_cat","embeddable":true,"href":"https:\/\/berova.com.mx\/es_es\/wp-json\/wp\/v2\/product_cat?post=229"},{"taxonomy":"product_tag","embeddable":true,"href":"https:\/\/berova.com.mx\/es_es\/wp-json\/wp\/v2\/product_tag?post=229"}],"curies":[{"name":"wp","href":"https:\/\/api.w.org\/{rel}","templated":true}]}}