{"id":9580,"date":"2023-10-19T18:37:50","date_gmt":"2023-10-19T23:37:50","guid":{"rendered":"https:\/\/berova.com.mx\/?post_type=product&#038;p=9580"},"modified":"2023-10-19T18:37:50","modified_gmt":"2023-10-19T23:37:50","slug":"librero-de-piso","status":"publish","type":"product","link":"https:\/\/berova.com.mx\/es_es\/producto\/librero-de-piso\/","title":{"rendered":"Librero de Piso"},"content":{"rendered":"<p><strong>LIBRERO DE PISO ABIERTO<\/strong><\/p>\n<p>Sus estantes abiertos ofrecen un hogar para tus libros, objetos decorativos y recuerdos personales, a\u00f1adiendo car\u00e1cter a cualquier espacio.<\/p>\n<p>Col\u00f3calo en tu sala de estar, dormitorio, oficina o donde desees a\u00f1adir un toque de sofisticaci\u00f3n. La versatilidad de nuestro librero de piso abierto lo convierte en una adici\u00f3n esencial para tu hogar.<\/p>\n<p>&nbsp;<\/p>\n<p><strong>Medidas:<\/strong><br \/>\nAlto: 1.80 m<br \/>\nFondo: 35 cm<br \/>\nAncho: 86 cm<\/p>","protected":false},"excerpt":{"rendered":"<p>LIBRERO DE PISO ABIERTO Sus estantes abiertos ofrecen un hogar para tus libros, objetos decorativos y recuerdos personales, a\u00f1adiendo car\u00e1cter&hellip;<\/p>","protected":false},"featured_media":9581,"comment_status":"closed","ping_status":"closed","template":"","meta":[],"product_brand":[],"product_cat":[192],"product_tag":[],"class_list":{"0":"post-9580","1":"product","2":"type-product","3":"status-publish","4":"has-post-thumbnail","6":"product_cat-oficina","7":"it-has-gallery","9":"first","10":"instock","11":"shipping-taxable","12":"purchasable","13":"product-type-simple"},"yoast_head":"<!-- This site is optimized with the Yoast SEO plugin v27.0 - https:\/\/yoast.com\/product\/yoast-seo-wordpress\/ -->\n<title>Librero de Piso - Berova<\/title>\n<meta name=\"robots\" content=\"index, follow, max-snippet:-1, max-image-preview:large, max-video-preview:-1\" \/>\n<link rel=\"canonical\" href=\"https:\/\/berova.com.mx\/es_es\/producto\/librero-de-piso\/\" \/>\n<meta property=\"og:locale\" content=\"es_ES\" \/>\n<meta property=\"og:type\" content=\"article\" \/>\n<meta property=\"og:title\" content=\"Librero de Piso - Berova\" \/>\n<meta property=\"og:description\" content=\"LIBRERO DE PISO ABIERTO Sus estantes abiertos ofrecen un hogar para tus libros, objetos decorativos y recuerdos personales, a\u00f1adiendo car\u00e1cter&hellip;\" \/>\n<meta property=\"og:url\" content=\"https:\/\/berova.com.mx\/es_es\/producto\/librero-de-piso\/\" \/>\n<meta property=\"og:site_name\" content=\"Berova\" \/>\n<meta property=\"article:publisher\" content=\"https:\/\/www.fb.me\/muebleria.berova\" \/>\n<meta property=\"og:image\" content=\"https:\/\/berova.com.mx\/wp-content\/uploads\/2023\/10\/LATERAL-1.jpg\" \/>\n\t<meta property=\"og:image:width\" content=\"500\" \/>\n\t<meta property=\"og:image:height\" content=\"500\" \/>\n\t<meta property=\"og:image:type\" content=\"image\/jpeg\" \/>\n<meta name=\"twitter:card\" content=\"summary_large_image\" \/>\n<meta name=\"twitter:label1\" content=\"Tiempo de lectura\" \/>\n\t<meta name=\"twitter:data1\" content=\"1 minuto\" \/>\n<script type=\"application\/ld+json\" class=\"yoast-schema-graph\">{\"@context\":\"https:\/\/schema.org\",\"@graph\":[{\"@type\":\"WebPage\",\"@id\":\"https:\/\/berova.com.mx\/producto\/librero-de-piso\/\",\"url\":\"https:\/\/berova.com.mx\/producto\/librero-de-piso\/\",\"name\":\"Librero de Piso - Berova\",\"isPartOf\":{\"@id\":\"https:\/\/berova.com.mx\/#website\"},\"primaryImageOfPage\":{\"@id\":\"https:\/\/berova.com.mx\/producto\/librero-de-piso\/#primaryimage\"},\"image\":{\"@id\":\"https:\/\/berova.com.mx\/producto\/librero-de-piso\/#primaryimage\"},\"thumbnailUrl\":\"https:\/\/berova.com.mx\/wp-content\/uploads\/2023\/10\/LATERAL-1.jpg\",\"datePublished\":\"2023-10-19T23:37:50+00:00\",\"breadcrumb\":{\"@id\":\"https:\/\/berova.com.mx\/producto\/librero-de-piso\/#breadcrumb\"},\"inLanguage\":\"es\",\"potentialAction\":[{\"@type\":\"ReadAction\",\"target\":[\"https:\/\/berova.com.mx\/producto\/librero-de-piso\/\"]}]},{\"@type\":\"ImageObject\",\"inLanguage\":\"es\",\"@id\":\"https:\/\/berova.com.mx\/producto\/librero-de-piso\/#primaryimage\",\"url\":\"https:\/\/berova.com.mx\/wp-content\/uploads\/2023\/10\/LATERAL-1.jpg\",\"contentUrl\":\"https:\/\/berova.com.mx\/wp-content\/uploads\/2023\/10\/LATERAL-1.jpg\",\"width\":500,\"height\":500},{\"@type\":\"BreadcrumbList\",\"@id\":\"https:\/\/berova.com.mx\/producto\/librero-de-piso\/#breadcrumb\",\"itemListElement\":[{\"@type\":\"ListItem\",\"position\":1,\"name\":\"P\u00e1gina Principal\",\"item\":\"https:\/\/berova.com.mx\/\"},{\"@type\":\"ListItem\",\"position\":2,\"name\":\"Tienda\",\"item\":\"https:\/\/berova.com.mx\/shop\/\"},{\"@type\":\"ListItem\",\"position\":3,\"name\":\"Librero de Piso\"}]},{\"@type\":\"WebSite\",\"@id\":\"https:\/\/berova.com.mx\/#website\",\"url\":\"https:\/\/berova.com.mx\/\",\"name\":\"Berova\",\"description\":\"Cumple Tus Sue&ntilde;os\",\"publisher\":{\"@id\":\"https:\/\/berova.com.mx\/#organization\"},\"potentialAction\":[{\"@type\":\"SearchAction\",\"target\":{\"@type\":\"EntryPoint\",\"urlTemplate\":\"https:\/\/berova.com.mx\/?s={search_term_string}\"},\"query-input\":{\"@type\":\"PropertyValueSpecification\",\"valueRequired\":true,\"valueName\":\"search_term_string\"}}],\"inLanguage\":\"es\"},{\"@type\":\"Organization\",\"@id\":\"https:\/\/berova.com.mx\/#organization\",\"name\":\"Berova\",\"url\":\"https:\/\/berova.com.mx\/\",\"logo\":{\"@type\":\"ImageObject\",\"inLanguage\":\"es\",\"@id\":\"https:\/\/berova.com.mx\/#\/schema\/logo\/image\/\",\"url\":\"https:\/\/i0.wp.com\/berova.com.mx\/wp-content\/uploads\/2020\/11\/BerovaLogo.png?fit=2211%2C682&ssl=1\",\"contentUrl\":\"https:\/\/i0.wp.com\/berova.com.mx\/wp-content\/uploads\/2020\/11\/BerovaLogo.png?fit=2211%2C682&ssl=1\",\"width\":2211,\"height\":682,\"caption\":\"Berova\"},\"image\":{\"@id\":\"https:\/\/berova.com.mx\/#\/schema\/logo\/image\/\"},\"sameAs\":[\"https:\/\/www.fb.me\/muebleria.berova\",\"https:\/\/www.instagram.com\/berova.mx\/\"]}]}<\/script>\n<!-- \/ Yoast SEO plugin. -->","yoast_head_json":{"title":"Librero de Piso - Berova","robots":{"index":"index","follow":"follow","max-snippet":"max-snippet:-1","max-image-preview":"max-image-preview:large","max-video-preview":"max-video-preview:-1"},"canonical":"https:\/\/berova.com.mx\/es_es\/producto\/librero-de-piso\/","og_locale":"es_ES","og_type":"article","og_title":"Librero de Piso - Berova","og_description":"LIBRERO DE PISO ABIERTO Sus estantes abiertos ofrecen un hogar para tus libros, objetos decorativos y recuerdos personales, a\u00f1adiendo car\u00e1cter&hellip;","og_url":"https:\/\/berova.com.mx\/es_es\/producto\/librero-de-piso\/","og_site_name":"Berova","article_publisher":"https:\/\/www.fb.me\/muebleria.berova","og_image":[{"width":500,"height":500,"url":"https:\/\/berova.com.mx\/wp-content\/uploads\/2023\/10\/LATERAL-1.jpg","type":"image\/jpeg"}],"twitter_card":"summary_large_image","twitter_misc":{"Tiempo de lectura":"1 minuto"},"schema":{"@context":"https:\/\/schema.org","@graph":[{"@type":"WebPage","@id":"https:\/\/berova.com.mx\/producto\/librero-de-piso\/","url":"https:\/\/berova.com.mx\/producto\/librero-de-piso\/","name":"Librero de Piso - Berova","isPartOf":{"@id":"https:\/\/berova.com.mx\/#website"},"primaryImageOfPage":{"@id":"https:\/\/berova.com.mx\/producto\/librero-de-piso\/#primaryimage"},"image":{"@id":"https:\/\/berova.com.mx\/producto\/librero-de-piso\/#primaryimage"},"thumbnailUrl":"https:\/\/berova.com.mx\/wp-content\/uploads\/2023\/10\/LATERAL-1.jpg","datePublished":"2023-10-19T23:37:50+00:00","breadcrumb":{"@id":"https:\/\/berova.com.mx\/producto\/librero-de-piso\/#breadcrumb"},"inLanguage":"es","potentialAction":[{"@type":"ReadAction","target":["https:\/\/berova.com.mx\/producto\/librero-de-piso\/"]}]},{"@type":"ImageObject","inLanguage":"es","@id":"https:\/\/berova.com.mx\/producto\/librero-de-piso\/#primaryimage","url":"https:\/\/berova.com.mx\/wp-content\/uploads\/2023\/10\/LATERAL-1.jpg","contentUrl":"https:\/\/berova.com.mx\/wp-content\/uploads\/2023\/10\/LATERAL-1.jpg","width":500,"height":500},{"@type":"BreadcrumbList","@id":"https:\/\/berova.com.mx\/producto\/librero-de-piso\/#breadcrumb","itemListElement":[{"@type":"ListItem","position":1,"name":"P\u00e1gina Principal","item":"https:\/\/berova.com.mx\/"},{"@type":"ListItem","position":2,"name":"Tienda","item":"https:\/\/berova.com.mx\/shop\/"},{"@type":"ListItem","position":3,"name":"Librero de Piso"}]},{"@type":"WebSite","@id":"https:\/\/berova.com.mx\/#website","url":"https:\/\/berova.com.mx\/","name":"Berova","description":"Cumple Tus Sue&ntilde;os","publisher":{"@id":"https:\/\/berova.com.mx\/#organization"},"potentialAction":[{"@type":"SearchAction","target":{"@type":"EntryPoint","urlTemplate":"https:\/\/berova.com.mx\/?s={search_term_string}"},"query-input":{"@type":"PropertyValueSpecification","valueRequired":true,"valueName":"search_term_string"}}],"inLanguage":"es"},{"@type":"Organization","@id":"https:\/\/berova.com.mx\/#organization","name":"Berova","url":"https:\/\/berova.com.mx\/","logo":{"@type":"ImageObject","inLanguage":"es","@id":"https:\/\/berova.com.mx\/#\/schema\/logo\/image\/","url":"https:\/\/i0.wp.com\/berova.com.mx\/wp-content\/uploads\/2020\/11\/BerovaLogo.png?fit=2211%2C682&ssl=1","contentUrl":"https:\/\/i0.wp.com\/berova.com.mx\/wp-content\/uploads\/2020\/11\/BerovaLogo.png?fit=2211%2C682&ssl=1","width":2211,"height":682,"caption":"Berova"},"image":{"@id":"https:\/\/berova.com.mx\/#\/schema\/logo\/image\/"},"sameAs":["https:\/\/www.fb.me\/muebleria.berova","https:\/\/www.instagram.com\/berova.mx\/"]}]}},"_links":{"self":[{"href":"https:\/\/berova.com.mx\/es_es\/wp-json\/wp\/v2\/product\/9580","targetHints":{"allow":["GET"]}}],"collection":[{"href":"https:\/\/berova.com.mx\/es_es\/wp-json\/wp\/v2\/product"}],"about":[{"href":"https:\/\/berova.com.mx\/es_es\/wp-json\/wp\/v2\/types\/product"}],"replies":[{"embeddable":true,"href":"https:\/\/berova.com.mx\/es_es\/wp-json\/wp\/v2\/comments?post=9580"}],"wp:featuredmedia":[{"embeddable":true,"href":"https:\/\/berova.com.mx\/es_es\/wp-json\/wp\/v2\/media\/9581"}],"wp:attachment":[{"href":"https:\/\/berova.com.mx\/es_es\/wp-json\/wp\/v2\/media?parent=9580"}],"wp:term":[{"taxonomy":"product_brand","embeddable":true,"href":"https:\/\/berova.com.mx\/es_es\/wp-json\/wp\/v2\/product_brand?post=9580"},{"taxonomy":"product_cat","embeddable":true,"href":"https:\/\/berova.com.mx\/es_es\/wp-json\/wp\/v2\/product_cat?post=9580"},{"taxonomy":"product_tag","embeddable":true,"href":"https:\/\/berova.com.mx\/es_es\/wp-json\/wp\/v2\/product_tag?post=9580"}],"curies":[{"name":"wp","href":"https:\/\/api.w.org\/{rel}","templated":true}]}}